{"id":52812,"date":"2022-05-25T12:31:23","date_gmt":"2022-05-25T10:31:23","guid":{"rendered":"https:\/\/extend-tthub.com\/applications\/process\/"},"modified":"2022-10-27T13:47:11","modified_gmt":"2022-10-27T11:47:11","slug":"il-processo","status":"publish","type":"page","link":"https:\/\/extend-tt.vc\/it\/applications\/il-processo\/","title":{"rendered":"Il Processo"},"content":{"rendered":"<div class=\"wpb-content-wrapper\"><p>[vc_row type=&#8221;vc_default&#8221;][vc_column offset=&#8221;vc_col-lg-offset-2 vc_col-lg-8 vc_col-md-offset-1 vc_col-md-10&#8243;][vc_column_text]Siamo interessati a progetti afferenti a qualsiasi area terapeutica e modalit\u00e0 che abbiano un alto potenziale innovativo ed un team disposto ad intraprendere un\u2019iniziativa imprenditoriale. Dagli anticorpi monoclonali a nuove soluzioni di terapia genica, accettiamo con piacere le vostre proposte. Lo stadio di sviluppo di progetto deve essere ricompreso tra la Target ID e la lead optimisation all\u2019interno del processo di drug discovery.<\/p>\n<p>Dato che l\u2019obiettivo \u00e8 creare compagnie innovative partendo dalla ricerca, preferiamo ricevere iniziative non ancora costituite. Ci\u00f2 nonostante, valuteremo con interesse anche startup gi\u00e0 incorporate.<\/p>\n<p>I team devono interagire con il proprio TTO prima di presentare l\u2019iniziativa per stabilire i diritti di Background PI e seguire l\u2019iter standard di presentazione dei progetti ad Extend. Inoltre, vi \u00e8 una differenza tra i Partner Accademici e no, su quali tipologia di progetto possiamo accettare.<\/p>\n<p>Per informazioni dettagliate su come applicare, consultare la pagina Apply.[\/vc_column_text][\/vc_column][\/vc_row]<\/p>\n<\/div>","protected":false},"excerpt":{"rendered":"<p>[vc_row type=&#8221;vc_default&#8221;][vc_column offset=&#8221;vc_col-lg-offset-2 vc_col-lg-8 vc_col-md-offset-1 vc_col-md-10&#8243;][vc_column_text]Siamo interessati a progetti afferenti a qualsiasi area terapeutica e modalit\u00e0 che abbiano un alto potenziale innovativo ed un team disposto ad intraprendere un\u2019iniziativa imprenditoriale. Dagli anticorpi monoclonali a nuove soluzioni di terapia genica, accettiamo con piacere le vostre proposte. Lo stadio di sviluppo di progetto deve essere ricompreso tra&hellip;<\/p>\n","protected":false},"author":1,"featured_media":52855,"parent":52807,"menu_order":0,"comment_status":"closed","ping_status":"closed","template":"","meta":{"footnotes":""},"yoast_head":"<!-- This site is optimized with the Yoast SEO plugin v22.6 - https:\/\/yoast.com\/wordpress\/plugins\/seo\/ -->\n<title>Il Processo - EXTEND<\/title>\n<meta name=\"robots\" content=\"index, follow, max-snippet:-1, max-image-preview:large, max-video-preview:-1\" \/>\n<link rel=\"canonical\" href=\"https:\/\/extend-tt.vc\/it\/applications\/il-processo\/\" \/>\n<meta property=\"og:locale\" content=\"it_IT\" \/>\n<meta property=\"og:type\" content=\"article\" \/>\n<meta property=\"og:title\" content=\"Il Processo - EXTEND\" \/>\n<meta property=\"og:description\" content=\"[vc_row type=&#8221;vc_default&#8221;][vc_column offset=&#8221;vc_col-lg-offset-2 vc_col-lg-8 vc_col-md-offset-1 vc_col-md-10&#8243;][vc_column_text]Siamo interessati a progetti afferenti a qualsiasi area terapeutica e modalit\u00e0 che abbiano un alto potenziale innovativo ed un team disposto ad intraprendere un\u2019iniziativa imprenditoriale. Dagli anticorpi monoclonali a nuove soluzioni di terapia genica, accettiamo con piacere le vostre proposte. Lo stadio di sviluppo di progetto deve essere ricompreso tra&hellip;\" \/>\n<meta property=\"og:url\" content=\"https:\/\/extend-tt.vc\/it\/applications\/il-processo\/\" \/>\n<meta property=\"og:site_name\" content=\"EXTEND\" \/>\n<meta property=\"article:modified_time\" content=\"2022-10-27T11:47:11+00:00\" \/>\n<meta property=\"og:image\" content=\"https:\/\/extend-tt.vc\/wp-content\/uploads\/EXTEND_Our-Process-scaled.jpg\" \/>\n\t<meta property=\"og:image:width\" content=\"2560\" \/>\n\t<meta property=\"og:image:height\" content=\"825\" \/>\n\t<meta property=\"og:image:type\" content=\"image\/jpeg\" \/>\n<meta name=\"twitter:card\" content=\"summary_large_image\" \/>\n<meta name=\"twitter:label1\" content=\"Tempo di lettura stimato\" \/>\n\t<meta name=\"twitter:data1\" content=\"1 minuto\" \/>\n<script type=\"application\/ld+json\" class=\"yoast-schema-graph\">{\"@context\":\"https:\/\/schema.org\",\"@graph\":[{\"@type\":\"WebPage\",\"@id\":\"https:\/\/extend-tt.vc\/it\/applications\/il-processo\/\",\"url\":\"https:\/\/extend-tt.vc\/it\/applications\/il-processo\/\",\"name\":\"Il Processo - EXTEND\",\"isPartOf\":{\"@id\":\"https:\/\/extend-tt.vc\/it\/#website\"},\"primaryImageOfPage\":{\"@id\":\"https:\/\/extend-tt.vc\/it\/applications\/il-processo\/#primaryimage\"},\"image\":{\"@id\":\"https:\/\/extend-tt.vc\/it\/applications\/il-processo\/#primaryimage\"},\"thumbnailUrl\":\"https:\/\/extend-tt.vc\/wp-content\/uploads\/EXTEND_Our-Process-scaled.jpg\",\"datePublished\":\"2022-05-25T10:31:23+00:00\",\"dateModified\":\"2022-10-27T11:47:11+00:00\",\"breadcrumb\":{\"@id\":\"https:\/\/extend-tt.vc\/it\/applications\/il-processo\/#breadcrumb\"},\"inLanguage\":\"it-IT\",\"potentialAction\":[{\"@type\":\"ReadAction\",\"target\":[\"https:\/\/extend-tt.vc\/it\/applications\/il-processo\/\"]}]},{\"@type\":\"ImageObject\",\"inLanguage\":\"it-IT\",\"@id\":\"https:\/\/extend-tt.vc\/it\/applications\/il-processo\/#primaryimage\",\"url\":\"https:\/\/extend-tt.vc\/wp-content\/uploads\/EXTEND_Our-Process-scaled.jpg\",\"contentUrl\":\"https:\/\/extend-tt.vc\/wp-content\/uploads\/EXTEND_Our-Process-scaled.jpg\",\"width\":2560,\"height\":825,\"caption\":\"Our Process\"},{\"@type\":\"BreadcrumbList\",\"@id\":\"https:\/\/extend-tt.vc\/it\/applications\/il-processo\/#breadcrumb\",\"itemListElement\":[{\"@type\":\"ListItem\",\"position\":1,\"name\":\"Home\",\"item\":\"https:\/\/extend-tt.vc\/it\/\"},{\"@type\":\"ListItem\",\"position\":2,\"name\":\"Applicare\",\"item\":\"https:\/\/extend-tt.vc\/it\/applications\/\"},{\"@type\":\"ListItem\",\"position\":3,\"name\":\"Il Processo\"}]},{\"@type\":\"WebSite\",\"@id\":\"https:\/\/extend-tt.vc\/it\/#website\",\"url\":\"https:\/\/extend-tt.vc\/it\/\",\"name\":\"EXTEND - National Technology Transfer Biotech Hub\",\"description\":\"National Technology Transfer Biotech Hub\",\"publisher\":{\"@id\":\"https:\/\/extend-tt.vc\/it\/#organization\"},\"potentialAction\":[{\"@type\":\"SearchAction\",\"target\":{\"@type\":\"EntryPoint\",\"urlTemplate\":\"https:\/\/extend-tt.vc\/it\/?s={search_term_string}\"},\"query-input\":\"required name=search_term_string\"}],\"inLanguage\":\"it-IT\"},{\"@type\":\"Organization\",\"@id\":\"https:\/\/extend-tt.vc\/it\/#organization\",\"name\":\"EXTEND - National Technology Transfer Biotech Hub\",\"url\":\"https:\/\/extend-tt.vc\/it\/\",\"logo\":{\"@type\":\"ImageObject\",\"inLanguage\":\"it-IT\",\"@id\":\"https:\/\/extend-tt.vc\/it\/#\/schema\/logo\/image\/\",\"url\":\"https:\/\/extend-tthub.com\/wp-content\/uploads\/Logo-EN.png\",\"contentUrl\":\"https:\/\/extend-tthub.com\/wp-content\/uploads\/Logo-EN.png\",\"width\":720,\"height\":215,\"caption\":\"EXTEND - National Technology Transfer Biotech Hub\"},\"image\":{\"@id\":\"https:\/\/extend-tt.vc\/it\/#\/schema\/logo\/image\/\"}}]}<\/script>\n<!-- \/ Yoast SEO plugin. -->","yoast_head_json":{"title":"Il Processo - EXTEND","robots":{"index":"index","follow":"follow","max-snippet":"max-snippet:-1","max-image-preview":"max-image-preview:large","max-video-preview":"max-video-preview:-1"},"canonical":"https:\/\/extend-tt.vc\/it\/applications\/il-processo\/","og_locale":"it_IT","og_type":"article","og_title":"Il Processo - EXTEND","og_description":"[vc_row type=&#8221;vc_default&#8221;][vc_column offset=&#8221;vc_col-lg-offset-2 vc_col-lg-8 vc_col-md-offset-1 vc_col-md-10&#8243;][vc_column_text]Siamo interessati a progetti afferenti a qualsiasi area terapeutica e modalit\u00e0 che abbiano un alto potenziale innovativo ed un team disposto ad intraprendere un\u2019iniziativa imprenditoriale. Dagli anticorpi monoclonali a nuove soluzioni di terapia genica, accettiamo con piacere le vostre proposte. Lo stadio di sviluppo di progetto deve essere ricompreso tra&hellip;","og_url":"https:\/\/extend-tt.vc\/it\/applications\/il-processo\/","og_site_name":"EXTEND","article_modified_time":"2022-10-27T11:47:11+00:00","og_image":[{"width":2560,"height":825,"url":"https:\/\/extend-tt.vc\/wp-content\/uploads\/EXTEND_Our-Process-scaled.jpg","type":"image\/jpeg"}],"twitter_card":"summary_large_image","twitter_misc":{"Tempo di lettura stimato":"1 minuto"},"schema":{"@context":"https:\/\/schema.org","@graph":[{"@type":"WebPage","@id":"https:\/\/extend-tt.vc\/it\/applications\/il-processo\/","url":"https:\/\/extend-tt.vc\/it\/applications\/il-processo\/","name":"Il Processo - EXTEND","isPartOf":{"@id":"https:\/\/extend-tt.vc\/it\/#website"},"primaryImageOfPage":{"@id":"https:\/\/extend-tt.vc\/it\/applications\/il-processo\/#primaryimage"},"image":{"@id":"https:\/\/extend-tt.vc\/it\/applications\/il-processo\/#primaryimage"},"thumbnailUrl":"https:\/\/extend-tt.vc\/wp-content\/uploads\/EXTEND_Our-Process-scaled.jpg","datePublished":"2022-05-25T10:31:23+00:00","dateModified":"2022-10-27T11:47:11+00:00","breadcrumb":{"@id":"https:\/\/extend-tt.vc\/it\/applications\/il-processo\/#breadcrumb"},"inLanguage":"it-IT","potentialAction":[{"@type":"ReadAction","target":["https:\/\/extend-tt.vc\/it\/applications\/il-processo\/"]}]},{"@type":"ImageObject","inLanguage":"it-IT","@id":"https:\/\/extend-tt.vc\/it\/applications\/il-processo\/#primaryimage","url":"https:\/\/extend-tt.vc\/wp-content\/uploads\/EXTEND_Our-Process-scaled.jpg","contentUrl":"https:\/\/extend-tt.vc\/wp-content\/uploads\/EXTEND_Our-Process-scaled.jpg","width":2560,"height":825,"caption":"Our Process"},{"@type":"BreadcrumbList","@id":"https:\/\/extend-tt.vc\/it\/applications\/il-processo\/#breadcrumb","itemListElement":[{"@type":"ListItem","position":1,"name":"Home","item":"https:\/\/extend-tt.vc\/it\/"},{"@type":"ListItem","position":2,"name":"Applicare","item":"https:\/\/extend-tt.vc\/it\/applications\/"},{"@type":"ListItem","position":3,"name":"Il Processo"}]},{"@type":"WebSite","@id":"https:\/\/extend-tt.vc\/it\/#website","url":"https:\/\/extend-tt.vc\/it\/","name":"EXTEND - National Technology Transfer Biotech Hub","description":"National Technology Transfer Biotech Hub","publisher":{"@id":"https:\/\/extend-tt.vc\/it\/#organization"},"potentialAction":[{"@type":"SearchAction","target":{"@type":"EntryPoint","urlTemplate":"https:\/\/extend-tt.vc\/it\/?s={search_term_string}"},"query-input":"required name=search_term_string"}],"inLanguage":"it-IT"},{"@type":"Organization","@id":"https:\/\/extend-tt.vc\/it\/#organization","name":"EXTEND - National Technology Transfer Biotech Hub","url":"https:\/\/extend-tt.vc\/it\/","logo":{"@type":"ImageObject","inLanguage":"it-IT","@id":"https:\/\/extend-tt.vc\/it\/#\/schema\/logo\/image\/","url":"https:\/\/extend-tthub.com\/wp-content\/uploads\/Logo-EN.png","contentUrl":"https:\/\/extend-tthub.com\/wp-content\/uploads\/Logo-EN.png","width":720,"height":215,"caption":"EXTEND - National Technology Transfer Biotech Hub"},"image":{"@id":"https:\/\/extend-tt.vc\/it\/#\/schema\/logo\/image\/"}}]}},"_links":{"self":[{"href":"https:\/\/extend-tt.vc\/it\/wp-json\/wp\/v2\/pages\/52812"}],"collection":[{"href":"https:\/\/extend-tt.vc\/it\/wp-json\/wp\/v2\/pages"}],"about":[{"href":"https:\/\/extend-tt.vc\/it\/wp-json\/wp\/v2\/types\/page"}],"author":[{"embeddable":true,"href":"https:\/\/extend-tt.vc\/it\/wp-json\/wp\/v2\/users\/1"}],"replies":[{"embeddable":true,"href":"https:\/\/extend-tt.vc\/it\/wp-json\/wp\/v2\/comments?post=52812"}],"version-history":[{"count":0,"href":"https:\/\/extend-tt.vc\/it\/wp-json\/wp\/v2\/pages\/52812\/revisions"}],"up":[{"embeddable":true,"href":"https:\/\/extend-tt.vc\/it\/wp-json\/wp\/v2\/pages\/52807"}],"wp:featuredmedia":[{"embeddable":true,"href":"https:\/\/extend-tt.vc\/it\/wp-json\/wp\/v2\/media\/52855"}],"wp:attachment":[{"href":"https:\/\/extend-tt.vc\/it\/wp-json\/wp\/v2\/media?parent=52812"}],"curies":[{"name":"wp","href":"https:\/\/api.w.org\/{rel}","templated":true}]}}