{"id":53046,"date":"2022-05-30T12:41:05","date_gmt":"2022-05-30T10:41:05","guid":{"rendered":"https:\/\/extend-tthub.com\/applications\/apply\/"},"modified":"2022-10-27T13:57:08","modified_gmt":"2022-10-27T11:57:08","slug":"apply","status":"publish","type":"page","link":"https:\/\/extend-tt.vc\/it\/applications\/apply\/","title":{"rendered":"Apply"},"content":{"rendered":"<div class=\"wpb-content-wrapper\"><p>[vc_row type=&#8221;vc_default&#8221;][vc_column offset=&#8221;vc_col-lg-offset-2 vc_col-lg-8 vc_col-md-offset-1 vc_col-md-10&#8243;][vc_column_text]<\/p>\n<h4>Partner Accademici<\/h4>\n<p>Se sei un team di ricerca afferente ad uno dei Partner Accademici dell\u2019iniziativa, per applicare basta contattare l\u2019ufficio di trasferimento tecnologico (TTO) presente all\u2019interno del rispettivo centro accademico. Il TTO, insieme all\u2019Entrepreneur in Residence (EIR), vi guideranno nell\u2019iter di application, accertandosi che il progetto possegga i minimi criteri di ammissibilit\u00e0 richiesti e identificando eventuali diritti di Background IP o diritti di propriet\u00e0 intellettuale verso terzi. Una volta concluso questo primo screening, la proposta sar\u00e0 ufficialmente presentata a Extend tramite l\u2019invio di un apposito modulo all\u2019EIR che potete trovare al seguente link .<\/p>\n<p>A questo punto il consiglio di amministrazione di Extend, che si riunisce con cadenza mensile, effettua una prima valutazione dei progetti proposti e, se valutati positivamente, ne delibera l\u2019avvio del processo di due diligence.<\/p>\n<p>La due diligence coinvolge i maggiori esperti nell\u2019area scientifica dei singoli progetti, avvalendosi sia del network di Evotec che di un Scientific Advisory Board e di un Comitato di Gestione Informativo, come illustrato alla sezione Team. Il processo di Due Diligence dura al massimo 3 mesi.<\/p>\n<p>Una volta conclusi i 3 mesi, il consiglio di amministrazione di Extend decide se finanziare il progetto sulla base delle valutazioni svolte. I progetti possono ricevere fino a \u20ac1.6 milioni attraverso un finanziamento erogato a tranche e diviso tra il team di ricerca ed il partner scientifico selezionato.[\/vc_column_text][vc_column_text]<\/p>\n<h4>Altre Universit\u00e0 e Centri di Ricerca<\/h4>\n<p>Per i centri accademici non compresi tra i Partner Accademici del Polo, vi \u00e8 la possibilit\u00e0 di partecipare tramite un\u2019open call a livello nazionale. Il meccanismo operativo \u00e8 analogo a quanto sopra descritto, con l\u2019unica differenza rispetto alla tipologia di progetti ammissibili all\u2019application in quanto solo iniziative gi\u00e0 costituite, ovvero startup e spinoff accreditati, possono partecipare.<\/p>\n<p>Non appena sar\u00e0 resa disponibile l\u2019open call, si prega di riferirsi a questa pagina[\/vc_column_text]<style type=\"text\/css\" data-type=\"the7_shortcodes-inline-css\">#default-btn-4e34fc02c8d216985e43b3dd136666fb.ico-right-side > i {\n  margin-right: 0px;\n  margin-left: 8px;\n}\n#default-btn-4e34fc02c8d216985e43b3dd136666fb > i {\n  margin-right: 8px;\n}\n<\/style><a href=\"https:\/\/share.hsforms.com\/1VJD4EMytRkC-1W2cXWkYWQ9x21\" class=\"default-btn-shortcode dt-btn dt-btn-m link-hover-off btn-inline-left \" target=\"_blank\" id=\"default-btn-4e34fc02c8d216985e43b3dd136666fb\" rel=\"nofollow\"><span>Application Form<\/span><\/a>[\/vc_column][\/vc_row]<\/p>\n<\/div>","protected":false},"excerpt":{"rendered":"<p>[vc_row type=&#8221;vc_default&#8221;][vc_column offset=&#8221;vc_col-lg-offset-2 vc_col-lg-8 vc_col-md-offset-1 vc_col-md-10&#8243;][vc_column_text] Partner Accademici Se sei un team di ricerca afferente ad uno dei Partner Accademici dell\u2019iniziativa, per applicare basta contattare l\u2019ufficio di trasferimento tecnologico (TTO) presente all\u2019interno del rispettivo centro accademico. Il TTO, insieme all\u2019Entrepreneur in Residence (EIR), vi guideranno nell\u2019iter di application, accertandosi che il progetto possegga i minimi&hellip;<\/p>\n","protected":false},"author":1,"featured_media":52839,"parent":52807,"menu_order":0,"comment_status":"closed","ping_status":"closed","template":"","meta":{"footnotes":""},"yoast_head":"<!-- This site is optimized with the Yoast SEO plugin v22.6 - https:\/\/yoast.com\/wordpress\/plugins\/seo\/ -->\n<title>Apply - EXTEND<\/title>\n<meta name=\"robots\" content=\"index, follow, max-snippet:-1, max-image-preview:large, max-video-preview:-1\" \/>\n<link rel=\"canonical\" href=\"https:\/\/extend-tt.vc\/it\/applications\/apply\/\" \/>\n<meta property=\"og:locale\" content=\"it_IT\" \/>\n<meta property=\"og:type\" content=\"article\" \/>\n<meta property=\"og:title\" content=\"Apply - EXTEND\" \/>\n<meta property=\"og:description\" content=\"[vc_row type=&#8221;vc_default&#8221;][vc_column offset=&#8221;vc_col-lg-offset-2 vc_col-lg-8 vc_col-md-offset-1 vc_col-md-10&#8243;][vc_column_text] Partner Accademici Se sei un team di ricerca afferente ad uno dei Partner Accademici dell\u2019iniziativa, per applicare basta contattare l\u2019ufficio di trasferimento tecnologico (TTO) presente all\u2019interno del rispettivo centro accademico. Il TTO, insieme all\u2019Entrepreneur in Residence (EIR), vi guideranno nell\u2019iter di application, accertandosi che il progetto possegga i minimi&hellip;\" \/>\n<meta property=\"og:url\" content=\"https:\/\/extend-tt.vc\/it\/applications\/apply\/\" \/>\n<meta property=\"og:site_name\" content=\"EXTEND\" \/>\n<meta property=\"article:modified_time\" content=\"2022-10-27T11:57:08+00:00\" \/>\n<meta property=\"og:image\" content=\"https:\/\/extend-tt.vc\/wp-content\/uploads\/EXTEND_Apply-scaled.jpg\" \/>\n\t<meta property=\"og:image:width\" content=\"2560\" \/>\n\t<meta property=\"og:image:height\" content=\"825\" \/>\n\t<meta property=\"og:image:type\" content=\"image\/jpeg\" \/>\n<meta name=\"twitter:card\" content=\"summary_large_image\" \/>\n<meta name=\"twitter:label1\" content=\"Tempo di lettura stimato\" \/>\n\t<meta name=\"twitter:data1\" content=\"2 minuti\" \/>\n<script type=\"application\/ld+json\" class=\"yoast-schema-graph\">{\"@context\":\"https:\/\/schema.org\",\"@graph\":[{\"@type\":\"WebPage\",\"@id\":\"https:\/\/extend-tt.vc\/it\/applications\/apply\/\",\"url\":\"https:\/\/extend-tt.vc\/it\/applications\/apply\/\",\"name\":\"Apply - EXTEND\",\"isPartOf\":{\"@id\":\"https:\/\/extend-tt.vc\/it\/#website\"},\"primaryImageOfPage\":{\"@id\":\"https:\/\/extend-tt.vc\/it\/applications\/apply\/#primaryimage\"},\"image\":{\"@id\":\"https:\/\/extend-tt.vc\/it\/applications\/apply\/#primaryimage\"},\"thumbnailUrl\":\"https:\/\/extend-tt.vc\/wp-content\/uploads\/EXTEND_Apply-scaled.jpg\",\"datePublished\":\"2022-05-30T10:41:05+00:00\",\"dateModified\":\"2022-10-27T11:57:08+00:00\",\"breadcrumb\":{\"@id\":\"https:\/\/extend-tt.vc\/it\/applications\/apply\/#breadcrumb\"},\"inLanguage\":\"it-IT\",\"potentialAction\":[{\"@type\":\"ReadAction\",\"target\":[\"https:\/\/extend-tt.vc\/it\/applications\/apply\/\"]}]},{\"@type\":\"ImageObject\",\"inLanguage\":\"it-IT\",\"@id\":\"https:\/\/extend-tt.vc\/it\/applications\/apply\/#primaryimage\",\"url\":\"https:\/\/extend-tt.vc\/wp-content\/uploads\/EXTEND_Apply-scaled.jpg\",\"contentUrl\":\"https:\/\/extend-tt.vc\/wp-content\/uploads\/EXTEND_Apply-scaled.jpg\",\"width\":2560,\"height\":825,\"caption\":\"Apply\"},{\"@type\":\"BreadcrumbList\",\"@id\":\"https:\/\/extend-tt.vc\/it\/applications\/apply\/#breadcrumb\",\"itemListElement\":[{\"@type\":\"ListItem\",\"position\":1,\"name\":\"Home\",\"item\":\"https:\/\/extend-tt.vc\/it\/\"},{\"@type\":\"ListItem\",\"position\":2,\"name\":\"Applicare\",\"item\":\"https:\/\/extend-tt.vc\/it\/applications\/\"},{\"@type\":\"ListItem\",\"position\":3,\"name\":\"Apply\"}]},{\"@type\":\"WebSite\",\"@id\":\"https:\/\/extend-tt.vc\/it\/#website\",\"url\":\"https:\/\/extend-tt.vc\/it\/\",\"name\":\"EXTEND - National Technology Transfer Biotech Hub\",\"description\":\"National Technology Transfer Biotech Hub\",\"publisher\":{\"@id\":\"https:\/\/extend-tt.vc\/it\/#organization\"},\"potentialAction\":[{\"@type\":\"SearchAction\",\"target\":{\"@type\":\"EntryPoint\",\"urlTemplate\":\"https:\/\/extend-tt.vc\/it\/?s={search_term_string}\"},\"query-input\":\"required name=search_term_string\"}],\"inLanguage\":\"it-IT\"},{\"@type\":\"Organization\",\"@id\":\"https:\/\/extend-tt.vc\/it\/#organization\",\"name\":\"EXTEND - National Technology Transfer Biotech Hub\",\"url\":\"https:\/\/extend-tt.vc\/it\/\",\"logo\":{\"@type\":\"ImageObject\",\"inLanguage\":\"it-IT\",\"@id\":\"https:\/\/extend-tt.vc\/it\/#\/schema\/logo\/image\/\",\"url\":\"https:\/\/extend-tthub.com\/wp-content\/uploads\/Logo-EN.png\",\"contentUrl\":\"https:\/\/extend-tthub.com\/wp-content\/uploads\/Logo-EN.png\",\"width\":720,\"height\":215,\"caption\":\"EXTEND - National Technology Transfer Biotech Hub\"},\"image\":{\"@id\":\"https:\/\/extend-tt.vc\/it\/#\/schema\/logo\/image\/\"}}]}<\/script>\n<!-- \/ Yoast SEO plugin. -->","yoast_head_json":{"title":"Apply - EXTEND","robots":{"index":"index","follow":"follow","max-snippet":"max-snippet:-1","max-image-preview":"max-image-preview:large","max-video-preview":"max-video-preview:-1"},"canonical":"https:\/\/extend-tt.vc\/it\/applications\/apply\/","og_locale":"it_IT","og_type":"article","og_title":"Apply - EXTEND","og_description":"[vc_row type=&#8221;vc_default&#8221;][vc_column offset=&#8221;vc_col-lg-offset-2 vc_col-lg-8 vc_col-md-offset-1 vc_col-md-10&#8243;][vc_column_text] Partner Accademici Se sei un team di ricerca afferente ad uno dei Partner Accademici dell\u2019iniziativa, per applicare basta contattare l\u2019ufficio di trasferimento tecnologico (TTO) presente all\u2019interno del rispettivo centro accademico. Il TTO, insieme all\u2019Entrepreneur in Residence (EIR), vi guideranno nell\u2019iter di application, accertandosi che il progetto possegga i minimi&hellip;","og_url":"https:\/\/extend-tt.vc\/it\/applications\/apply\/","og_site_name":"EXTEND","article_modified_time":"2022-10-27T11:57:08+00:00","og_image":[{"width":2560,"height":825,"url":"https:\/\/extend-tt.vc\/wp-content\/uploads\/EXTEND_Apply-scaled.jpg","type":"image\/jpeg"}],"twitter_card":"summary_large_image","twitter_misc":{"Tempo di lettura stimato":"2 minuti"},"schema":{"@context":"https:\/\/schema.org","@graph":[{"@type":"WebPage","@id":"https:\/\/extend-tt.vc\/it\/applications\/apply\/","url":"https:\/\/extend-tt.vc\/it\/applications\/apply\/","name":"Apply - EXTEND","isPartOf":{"@id":"https:\/\/extend-tt.vc\/it\/#website"},"primaryImageOfPage":{"@id":"https:\/\/extend-tt.vc\/it\/applications\/apply\/#primaryimage"},"image":{"@id":"https:\/\/extend-tt.vc\/it\/applications\/apply\/#primaryimage"},"thumbnailUrl":"https:\/\/extend-tt.vc\/wp-content\/uploads\/EXTEND_Apply-scaled.jpg","datePublished":"2022-05-30T10:41:05+00:00","dateModified":"2022-10-27T11:57:08+00:00","breadcrumb":{"@id":"https:\/\/extend-tt.vc\/it\/applications\/apply\/#breadcrumb"},"inLanguage":"it-IT","potentialAction":[{"@type":"ReadAction","target":["https:\/\/extend-tt.vc\/it\/applications\/apply\/"]}]},{"@type":"ImageObject","inLanguage":"it-IT","@id":"https:\/\/extend-tt.vc\/it\/applications\/apply\/#primaryimage","url":"https:\/\/extend-tt.vc\/wp-content\/uploads\/EXTEND_Apply-scaled.jpg","contentUrl":"https:\/\/extend-tt.vc\/wp-content\/uploads\/EXTEND_Apply-scaled.jpg","width":2560,"height":825,"caption":"Apply"},{"@type":"BreadcrumbList","@id":"https:\/\/extend-tt.vc\/it\/applications\/apply\/#breadcrumb","itemListElement":[{"@type":"ListItem","position":1,"name":"Home","item":"https:\/\/extend-tt.vc\/it\/"},{"@type":"ListItem","position":2,"name":"Applicare","item":"https:\/\/extend-tt.vc\/it\/applications\/"},{"@type":"ListItem","position":3,"name":"Apply"}]},{"@type":"WebSite","@id":"https:\/\/extend-tt.vc\/it\/#website","url":"https:\/\/extend-tt.vc\/it\/","name":"EXTEND - National Technology Transfer Biotech Hub","description":"National Technology Transfer Biotech Hub","publisher":{"@id":"https:\/\/extend-tt.vc\/it\/#organization"},"potentialAction":[{"@type":"SearchAction","target":{"@type":"EntryPoint","urlTemplate":"https:\/\/extend-tt.vc\/it\/?s={search_term_string}"},"query-input":"required name=search_term_string"}],"inLanguage":"it-IT"},{"@type":"Organization","@id":"https:\/\/extend-tt.vc\/it\/#organization","name":"EXTEND - National Technology Transfer Biotech Hub","url":"https:\/\/extend-tt.vc\/it\/","logo":{"@type":"ImageObject","inLanguage":"it-IT","@id":"https:\/\/extend-tt.vc\/it\/#\/schema\/logo\/image\/","url":"https:\/\/extend-tthub.com\/wp-content\/uploads\/Logo-EN.png","contentUrl":"https:\/\/extend-tthub.com\/wp-content\/uploads\/Logo-EN.png","width":720,"height":215,"caption":"EXTEND - National Technology Transfer Biotech Hub"},"image":{"@id":"https:\/\/extend-tt.vc\/it\/#\/schema\/logo\/image\/"}}]}},"_links":{"self":[{"href":"https:\/\/extend-tt.vc\/it\/wp-json\/wp\/v2\/pages\/53046"}],"collection":[{"href":"https:\/\/extend-tt.vc\/it\/wp-json\/wp\/v2\/pages"}],"about":[{"href":"https:\/\/extend-tt.vc\/it\/wp-json\/wp\/v2\/types\/page"}],"author":[{"embeddable":true,"href":"https:\/\/extend-tt.vc\/it\/wp-json\/wp\/v2\/users\/1"}],"replies":[{"embeddable":true,"href":"https:\/\/extend-tt.vc\/it\/wp-json\/wp\/v2\/comments?post=53046"}],"version-history":[{"count":0,"href":"https:\/\/extend-tt.vc\/it\/wp-json\/wp\/v2\/pages\/53046\/revisions"}],"up":[{"embeddable":true,"href":"https:\/\/extend-tt.vc\/it\/wp-json\/wp\/v2\/pages\/52807"}],"wp:featuredmedia":[{"embeddable":true,"href":"https:\/\/extend-tt.vc\/it\/wp-json\/wp\/v2\/media\/52839"}],"wp:attachment":[{"href":"https:\/\/extend-tt.vc\/it\/wp-json\/wp\/v2\/media?parent=53046"}],"curies":[{"name":"wp","href":"https:\/\/api.w.org\/{rel}","templated":true}]}}