{"id":53051,"date":"2022-05-25T12:33:25","date_gmt":"2022-05-25T10:33:25","guid":{"rendered":"https:\/\/extend-tthub.com\/applications\/faq\/"},"modified":"2022-10-27T14:25:33","modified_gmt":"2022-10-27T12:25:33","slug":"faq","status":"publish","type":"page","link":"https:\/\/extend-tt.vc\/it\/applications\/faq\/","title":{"rendered":"FAQ"},"content":{"rendered":"<div class=\"wpb-content-wrapper\"><p>[vc_row type=&#8221;vc_default&#8221;][vc_column offset=&#8221;vc_col-lg-offset-2 vc_col-lg-8 vc_col-md-offset-1 vc_col-md-10&#8243;][vc_column_text]<\/p>\n<h2>Application FAQ<\/h2>\n<p>Find out more[\/vc_column_text][vc_accordion active_tab=&#8221;1&#8243; collapsible=&#8221;yes&#8221; title_size=&#8221;h4&#8243; style=&#8221;3&#8243;][vc_accordion_tab title=&#8221;Chi pu\u00f2 applicare per i fondi di Extend?&#8221;][vc_column_text]Possono applicare: Principal Investigator impiegati presso Partner Accademici che partecipano all\u2019iniziativa, Ricercatori con borsa post-dottorato di ricerca assegnata dal Partner Accademico che partecipa all\u2019iniziativa, almeno per il periodo corrispondente alla durata attesa del progetto presentato, previa lettera di supporto da parte di un Principal Investigator. In caso di dubbi, si prega di contattare l\u2019Ufficio di Trasferimento Tecnologico (TTO) locale o \u2018l\u2019Expert in Residence (EIR) di Extend.[\/vc_column_text][\/vc_accordion_tab][vc_accordion_tab title=&#8221;Quale \u00e8 il ruolo dell\u2019Expert in Residence (EIR)?&#8221;][vc_column_text]L\u2019Expert in residence \u00e8 la figura di riferimento per coloro che intendono applicare e che vogliono confrontarsi con un esperto di drug discovery per costruire il piano scientifico pi\u00f9 appropriato per lo sviluppo del progetto e per avere un giudizio iniziale sull\u2019idea progettuale in via di proposizione rispetto ai criteri ed alle aspettative di Extend.<\/p>\n<p>Il principale obiettivo dell\u2019EIR \u00e8 quello di aggiungere valore alle attivit\u00e0 di drug discovery dei Partner Accademici, di aiutare ad identificare e posizionare correttamente nuove applicazioni progettuali ed infine di lavorare in maniera altamente integrata con le organizzazioni coinvolte e gli stakeholders di Extend in modo da assicurare una progressione efficace ed efficiente della partnership.[\/vc_column_text][\/vc_accordion_tab][vc_accordion_tab title=&#8221;Come Applicant, che supporto devo aspettarmi?&#8221;][vc_column_text]Coloro che applicano potranno beneficiare, se il progetto \u00e8 approvato, sia del supporto finanziario (definito da un piano di progetto ben strutturato) che di quello tecnico e scientifico da parte dei partners di Extend per implementare la strategia del progetto.<br \/>\nNel caso il progetto dovesse essere selezionato per sviluppo dopo la fase di selezione del candidato e quindi incluso in una futura Spin-out, il Team di Extend, insieme al rispettivo TTO, fornir\u00e0 una guida per la definizione della strategia e piano commerciale associati al progetto.[\/vc_column_text][\/vc_accordion_tab][vc_accordion_tab title=&#8221;Cosa succede se il concetto\/idea per l\u2019applicazione terapeutica \u00e8 stata generata in collaborazione con altri ricercatori di altre Universit\u00e0\/Istituzioni?&#8221;][vc_column_text]Questa eventualit\u00e0 non preclude la possibilit\u00e0 di applicare. In questo caso gli Applicants dovranno lavorare con l\u2019ufficio locale di Trasferimento Tecnologico (TTO), prima della sottomissione dell\u2019applicazione, per un\u2019 analisi approfondita con lo scopo di assicurare che la specifica applicazione non contrasti con qualsiasi diritto dell\u2019altra Universit\u00e0\/Istituzione non partecipante all\u2019Iniziative Extend.[\/vc_column_text][\/vc_accordion_tab][vc_accordion_tab title=&#8221;Il fondo ottenuto pu\u00f2 essere speso all\u2019interno dell\u2019Universit\u00e0\/Istituzione, per esempio per finanziare ricercatori post-dottorato che fanno ricerca nel mio laboratorio o per accedere a risorse presso altre Universit\u00e0\/Istituzioni?&#8221;][vc_column_text]I fondi verranno ripartiti tra i Partner Accademici ed Evotec in base alle esigenze dei singoli progetti per l\u2019industrializzazione del Progetto ed il bisogno di piattaforme tecnologiche e modalit\u00e0 sperimentali innovative. La ripartizione dei fondi ed il loro relativo utilizzo vengono dettagliate nel piano di sviluppo che Extend svolger\u00e0 insieme ai Partner Accademici di riferimento.<\/p>\n<p>Ad ogni modo, i fondi ottenuti rappresentano un riconoscimento dell\u2019esperienza, conoscenza e capacit\u00e0 uniche degli applicanti in modo da poter implementare delle sinergie, evitando situazioni ridondanti. Si ricorda che il lavoro svolto presso i Partner Accademici sar\u00e0\u2019 valutato in base al valore di Full Economic Costing (FEC) del Dipartimento di afferenza.[\/vc_column_text][\/vc_accordion_tab][vc_accordion_tab title=&#8221;Cosa succede se io voglio applicare, ma ho gi\u00e0 ricevuto fondi per gli studi di proof-of-concept?&#8221;][vc_column_text]Ricevere fondi da un\u2019altra fonte esterna per studi di proof-of concept non preclude l\u2019applicazione ad Extend. Sar\u00e0 necessario dettagliare l\u2019ottenimento di questi fondi in un documento specifico e discutere con il proprio Ufficio di Trasferimento Tecnologico per verificare l\u2019esigibilit\u00e0\u2019 ad ottenere fondi da Extend.[\/vc_column_text][\/vc_accordion_tab][vc_accordion_tab title=&#8221;Posso discutere informazioni confidenziali con Extend?&#8221;][vc_column_text]Tutti I Partners di Extend, compreso l\u2019Expert in Residence sono sottoposti a doveri di confidenzialit\u00e0 relativamente a tutte le informazioni condivise durante l\u2019intera durata della collaborazione. Ad ogni modo non bisogna condividere con Extend informazioni confidenziali relative a una terza parte; per esempio, se i risultati sono stati generati da un Progetto con uno sponsor commerciale. Ad ogni modo, si raccomanda di fare un primo controllo con il proprio TTO.[\/vc_column_text][\/vc_accordion_tab][vc_accordion_tab title=&#8221;Dove saranno condotti progetti?&#8221;][vc_column_text]Ci si aspetta che I progetti vengano condotti nei laboratori dei Partner Accademici e presso le strutture di Evotec, a seconda della necessit\u00e0[\/vc_column_text][\/vc_accordion_tab][vc_accordion_tab title=&#8221;Come verranno gestiti e monitorati i progetti selezionati?&#8221;][vc_column_text]L\u2019EIR affianca i Progetti lungo l\u2019intero percorso di sviluppo finalizzato alla creazione di start-up innovative. Inoltre, a ciascun progetto verr\u00e0 affiancato un Project Manager esperto nell\u2019area scientifica di interesse per lavorare a stretto contatto con i team di ricerca.<\/p>\n<p>In modo da efficientare l\u2019erogazione di risorse, il finanziamento viene concesso in tranches cos\u00ec da poter raggiungere delle milestones predefinite lungo il percorso e definire i punti cruciali per lo sviluppo del Progetto.[\/vc_column_text][\/vc_accordion_tab][vc_accordion_tab title=&#8221;Quale sar\u00e0 il mio ruolo nel Progetto supportato da Extend?&#8221;][vc_column_text]Ci si aspetta che l\u2019Applicant giochi un ruolo attivo in prima fila nel guidare e gestire il Progetto lavorando con tutti gli attori coinvolti.[\/vc_column_text][\/vc_accordion_tab][vc_accordion_tab title=&#8221;Extend supporter\u00e0 lo sviluppo di nuove piattaforme tecnologiche?&#8221;][vc_column_text]Si, se la piattaforma tecnologica ha lo scopo principale di generare nuove terapie.[\/vc_column_text][\/vc_accordion_tab][vc_accordion_tab title=&#8221;Cos\u2019\u00e8 che Extend non supporta?&#8221;][vc_column_text]Extend non supporter\u00e0 studi clinici, n\u00e9 fornir\u00e0 fondi per coprire salari di operatori accademici e non supporter\u00e0 ricerca di base.[\/vc_column_text][\/vc_accordion_tab][\/vc_accordion][\/vc_column][\/vc_row]<\/p>\n<\/div>","protected":false},"excerpt":{"rendered":"<p>[vc_row type=&#8221;vc_default&#8221;][vc_column offset=&#8221;vc_col-lg-offset-2 vc_col-lg-8 vc_col-md-offset-1 vc_col-md-10&#8243;][vc_column_text] Application FAQ Find out more[\/vc_column_text][vc_accordion active_tab=&#8221;1&#8243; collapsible=&#8221;yes&#8221; title_size=&#8221;h4&#8243; style=&#8221;3&#8243;][vc_accordion_tab title=&#8221;Chi pu\u00f2 applicare per i fondi di Extend?&#8221;][vc_column_text]Possono applicare: Principal Investigator impiegati presso Partner Accademici che partecipano all\u2019iniziativa, Ricercatori con borsa post-dottorato di ricerca assegnata dal Partner Accademico che partecipa all\u2019iniziativa, almeno per il periodo corrispondente alla durata attesa del&hellip;<\/p>\n","protected":false},"author":1,"featured_media":52847,"parent":52807,"menu_order":0,"comment_status":"closed","ping_status":"closed","template":"","meta":{"footnotes":""},"yoast_head":"<!-- This site is optimized with the Yoast SEO plugin v22.6 - https:\/\/yoast.com\/wordpress\/plugins\/seo\/ -->\n<title>FAQ - EXTEND<\/title>\n<meta name=\"robots\" content=\"index, follow, max-snippet:-1, max-image-preview:large, max-video-preview:-1\" \/>\n<link rel=\"canonical\" href=\"https:\/\/extend-tt.vc\/it\/applications\/faq\/\" \/>\n<meta property=\"og:locale\" content=\"it_IT\" \/>\n<meta property=\"og:type\" content=\"article\" \/>\n<meta property=\"og:title\" content=\"FAQ - EXTEND\" \/>\n<meta property=\"og:description\" content=\"[vc_row type=&#8221;vc_default&#8221;][vc_column offset=&#8221;vc_col-lg-offset-2 vc_col-lg-8 vc_col-md-offset-1 vc_col-md-10&#8243;][vc_column_text] Application FAQ Find out more[\/vc_column_text][vc_accordion active_tab=&#8221;1&#8243; collapsible=&#8221;yes&#8221; title_size=&#8221;h4&#8243; style=&#8221;3&#8243;][vc_accordion_tab title=&#8221;Chi pu\u00f2 applicare per i fondi di Extend?&#8221;][vc_column_text]Possono applicare: Principal Investigator impiegati presso Partner Accademici che partecipano all\u2019iniziativa, Ricercatori con borsa post-dottorato di ricerca assegnata dal Partner Accademico che partecipa all\u2019iniziativa, almeno per il periodo corrispondente alla durata attesa del&hellip;\" \/>\n<meta property=\"og:url\" content=\"https:\/\/extend-tt.vc\/it\/applications\/faq\/\" \/>\n<meta property=\"og:site_name\" content=\"EXTEND\" \/>\n<meta property=\"article:modified_time\" content=\"2022-10-27T12:25:33+00:00\" \/>\n<meta property=\"og:image\" content=\"https:\/\/extend-tt.vc\/wp-content\/uploads\/EXTEND_FAQ-scaled.jpg\" \/>\n\t<meta property=\"og:image:width\" content=\"2560\" \/>\n\t<meta property=\"og:image:height\" content=\"825\" \/>\n\t<meta property=\"og:image:type\" content=\"image\/jpeg\" \/>\n<meta name=\"twitter:card\" content=\"summary_large_image\" \/>\n<meta name=\"twitter:label1\" content=\"Tempo di lettura stimato\" \/>\n\t<meta name=\"twitter:data1\" content=\"5 minuti\" \/>\n<script type=\"application\/ld+json\" class=\"yoast-schema-graph\">{\"@context\":\"https:\/\/schema.org\",\"@graph\":[{\"@type\":\"WebPage\",\"@id\":\"https:\/\/extend-tt.vc\/it\/applications\/faq\/\",\"url\":\"https:\/\/extend-tt.vc\/it\/applications\/faq\/\",\"name\":\"FAQ - EXTEND\",\"isPartOf\":{\"@id\":\"https:\/\/extend-tt.vc\/it\/#website\"},\"primaryImageOfPage\":{\"@id\":\"https:\/\/extend-tt.vc\/it\/applications\/faq\/#primaryimage\"},\"image\":{\"@id\":\"https:\/\/extend-tt.vc\/it\/applications\/faq\/#primaryimage\"},\"thumbnailUrl\":\"https:\/\/extend-tt.vc\/wp-content\/uploads\/EXTEND_FAQ-scaled.jpg\",\"datePublished\":\"2022-05-25T10:33:25+00:00\",\"dateModified\":\"2022-10-27T12:25:33+00:00\",\"breadcrumb\":{\"@id\":\"https:\/\/extend-tt.vc\/it\/applications\/faq\/#breadcrumb\"},\"inLanguage\":\"it-IT\",\"potentialAction\":[{\"@type\":\"ReadAction\",\"target\":[\"https:\/\/extend-tt.vc\/it\/applications\/faq\/\"]}]},{\"@type\":\"ImageObject\",\"inLanguage\":\"it-IT\",\"@id\":\"https:\/\/extend-tt.vc\/it\/applications\/faq\/#primaryimage\",\"url\":\"https:\/\/extend-tt.vc\/wp-content\/uploads\/EXTEND_FAQ-scaled.jpg\",\"contentUrl\":\"https:\/\/extend-tt.vc\/wp-content\/uploads\/EXTEND_FAQ-scaled.jpg\",\"width\":2560,\"height\":825,\"caption\":\"FAQ\"},{\"@type\":\"BreadcrumbList\",\"@id\":\"https:\/\/extend-tt.vc\/it\/applications\/faq\/#breadcrumb\",\"itemListElement\":[{\"@type\":\"ListItem\",\"position\":1,\"name\":\"Home\",\"item\":\"https:\/\/extend-tt.vc\/it\/\"},{\"@type\":\"ListItem\",\"position\":2,\"name\":\"Applicare\",\"item\":\"https:\/\/extend-tt.vc\/it\/applications\/\"},{\"@type\":\"ListItem\",\"position\":3,\"name\":\"FAQ\"}]},{\"@type\":\"WebSite\",\"@id\":\"https:\/\/extend-tt.vc\/it\/#website\",\"url\":\"https:\/\/extend-tt.vc\/it\/\",\"name\":\"EXTEND - National Technology Transfer Biotech Hub\",\"description\":\"National Technology Transfer Biotech Hub\",\"publisher\":{\"@id\":\"https:\/\/extend-tt.vc\/it\/#organization\"},\"potentialAction\":[{\"@type\":\"SearchAction\",\"target\":{\"@type\":\"EntryPoint\",\"urlTemplate\":\"https:\/\/extend-tt.vc\/it\/?s={search_term_string}\"},\"query-input\":\"required name=search_term_string\"}],\"inLanguage\":\"it-IT\"},{\"@type\":\"Organization\",\"@id\":\"https:\/\/extend-tt.vc\/it\/#organization\",\"name\":\"EXTEND - National Technology Transfer Biotech Hub\",\"url\":\"https:\/\/extend-tt.vc\/it\/\",\"logo\":{\"@type\":\"ImageObject\",\"inLanguage\":\"it-IT\",\"@id\":\"https:\/\/extend-tt.vc\/it\/#\/schema\/logo\/image\/\",\"url\":\"https:\/\/extend-tthub.com\/wp-content\/uploads\/Logo-EN.png\",\"contentUrl\":\"https:\/\/extend-tthub.com\/wp-content\/uploads\/Logo-EN.png\",\"width\":720,\"height\":215,\"caption\":\"EXTEND - National Technology Transfer Biotech Hub\"},\"image\":{\"@id\":\"https:\/\/extend-tt.vc\/it\/#\/schema\/logo\/image\/\"}}]}<\/script>\n<!-- \/ Yoast SEO plugin. -->","yoast_head_json":{"title":"FAQ - EXTEND","robots":{"index":"index","follow":"follow","max-snippet":"max-snippet:-1","max-image-preview":"max-image-preview:large","max-video-preview":"max-video-preview:-1"},"canonical":"https:\/\/extend-tt.vc\/it\/applications\/faq\/","og_locale":"it_IT","og_type":"article","og_title":"FAQ - EXTEND","og_description":"[vc_row type=&#8221;vc_default&#8221;][vc_column offset=&#8221;vc_col-lg-offset-2 vc_col-lg-8 vc_col-md-offset-1 vc_col-md-10&#8243;][vc_column_text] Application FAQ Find out more[\/vc_column_text][vc_accordion active_tab=&#8221;1&#8243; collapsible=&#8221;yes&#8221; title_size=&#8221;h4&#8243; style=&#8221;3&#8243;][vc_accordion_tab title=&#8221;Chi pu\u00f2 applicare per i fondi di Extend?&#8221;][vc_column_text]Possono applicare: Principal Investigator impiegati presso Partner Accademici che partecipano all\u2019iniziativa, Ricercatori con borsa post-dottorato di ricerca assegnata dal Partner Accademico che partecipa all\u2019iniziativa, almeno per il periodo corrispondente alla durata attesa del&hellip;","og_url":"https:\/\/extend-tt.vc\/it\/applications\/faq\/","og_site_name":"EXTEND","article_modified_time":"2022-10-27T12:25:33+00:00","og_image":[{"width":2560,"height":825,"url":"https:\/\/extend-tt.vc\/wp-content\/uploads\/EXTEND_FAQ-scaled.jpg","type":"image\/jpeg"}],"twitter_card":"summary_large_image","twitter_misc":{"Tempo di lettura stimato":"5 minuti"},"schema":{"@context":"https:\/\/schema.org","@graph":[{"@type":"WebPage","@id":"https:\/\/extend-tt.vc\/it\/applications\/faq\/","url":"https:\/\/extend-tt.vc\/it\/applications\/faq\/","name":"FAQ - EXTEND","isPartOf":{"@id":"https:\/\/extend-tt.vc\/it\/#website"},"primaryImageOfPage":{"@id":"https:\/\/extend-tt.vc\/it\/applications\/faq\/#primaryimage"},"image":{"@id":"https:\/\/extend-tt.vc\/it\/applications\/faq\/#primaryimage"},"thumbnailUrl":"https:\/\/extend-tt.vc\/wp-content\/uploads\/EXTEND_FAQ-scaled.jpg","datePublished":"2022-05-25T10:33:25+00:00","dateModified":"2022-10-27T12:25:33+00:00","breadcrumb":{"@id":"https:\/\/extend-tt.vc\/it\/applications\/faq\/#breadcrumb"},"inLanguage":"it-IT","potentialAction":[{"@type":"ReadAction","target":["https:\/\/extend-tt.vc\/it\/applications\/faq\/"]}]},{"@type":"ImageObject","inLanguage":"it-IT","@id":"https:\/\/extend-tt.vc\/it\/applications\/faq\/#primaryimage","url":"https:\/\/extend-tt.vc\/wp-content\/uploads\/EXTEND_FAQ-scaled.jpg","contentUrl":"https:\/\/extend-tt.vc\/wp-content\/uploads\/EXTEND_FAQ-scaled.jpg","width":2560,"height":825,"caption":"FAQ"},{"@type":"BreadcrumbList","@id":"https:\/\/extend-tt.vc\/it\/applications\/faq\/#breadcrumb","itemListElement":[{"@type":"ListItem","position":1,"name":"Home","item":"https:\/\/extend-tt.vc\/it\/"},{"@type":"ListItem","position":2,"name":"Applicare","item":"https:\/\/extend-tt.vc\/it\/applications\/"},{"@type":"ListItem","position":3,"name":"FAQ"}]},{"@type":"WebSite","@id":"https:\/\/extend-tt.vc\/it\/#website","url":"https:\/\/extend-tt.vc\/it\/","name":"EXTEND - National Technology Transfer Biotech Hub","description":"National Technology Transfer Biotech Hub","publisher":{"@id":"https:\/\/extend-tt.vc\/it\/#organization"},"potentialAction":[{"@type":"SearchAction","target":{"@type":"EntryPoint","urlTemplate":"https:\/\/extend-tt.vc\/it\/?s={search_term_string}"},"query-input":"required name=search_term_string"}],"inLanguage":"it-IT"},{"@type":"Organization","@id":"https:\/\/extend-tt.vc\/it\/#organization","name":"EXTEND - National Technology Transfer Biotech Hub","url":"https:\/\/extend-tt.vc\/it\/","logo":{"@type":"ImageObject","inLanguage":"it-IT","@id":"https:\/\/extend-tt.vc\/it\/#\/schema\/logo\/image\/","url":"https:\/\/extend-tthub.com\/wp-content\/uploads\/Logo-EN.png","contentUrl":"https:\/\/extend-tthub.com\/wp-content\/uploads\/Logo-EN.png","width":720,"height":215,"caption":"EXTEND - National Technology Transfer Biotech Hub"},"image":{"@id":"https:\/\/extend-tt.vc\/it\/#\/schema\/logo\/image\/"}}]}},"_links":{"self":[{"href":"https:\/\/extend-tt.vc\/it\/wp-json\/wp\/v2\/pages\/53051"}],"collection":[{"href":"https:\/\/extend-tt.vc\/it\/wp-json\/wp\/v2\/pages"}],"about":[{"href":"https:\/\/extend-tt.vc\/it\/wp-json\/wp\/v2\/types\/page"}],"author":[{"embeddable":true,"href":"https:\/\/extend-tt.vc\/it\/wp-json\/wp\/v2\/users\/1"}],"replies":[{"embeddable":true,"href":"https:\/\/extend-tt.vc\/it\/wp-json\/wp\/v2\/comments?post=53051"}],"version-history":[{"count":0,"href":"https:\/\/extend-tt.vc\/it\/wp-json\/wp\/v2\/pages\/53051\/revisions"}],"up":[{"embeddable":true,"href":"https:\/\/extend-tt.vc\/it\/wp-json\/wp\/v2\/pages\/52807"}],"wp:featuredmedia":[{"embeddable":true,"href":"https:\/\/extend-tt.vc\/it\/wp-json\/wp\/v2\/media\/52847"}],"wp:attachment":[{"href":"https:\/\/extend-tt.vc\/it\/wp-json\/wp\/v2\/media?parent=53051"}],"curies":[{"name":"wp","href":"https:\/\/api.w.org\/{rel}","templated":true}]}}